{"id":1503,"date":"2024-09-13T12:36:13","date_gmt":"2024-09-13T09:36:13","guid":{"rendered":"https:\/\/www.polatvakfi.com.tr\/projelerimiz\/"},"modified":"2025-01-27T12:26:18","modified_gmt":"2025-01-27T09:26:18","slug":"our-projects","status":"publish","type":"page","link":"https:\/\/www.polatvakfi.com.tr\/en\/our-projects\/","title":{"rendered":"Our Projects"},"content":{"rendered":"\t\t<div data-elementor-type=\"wp-page\" data-elementor-id=\"1503\" class=\"elementor elementor-1503 elementor-366\" data-elementor-post-type=\"page\">\n\t\t\t\t\t\t<section class=\"elementor-section elementor-top-section elementor-element elementor-element-0bceb81 elementor-section-boxed elementor-section-height-default elementor-section-height-default\" data-id=\"0bceb81\" data-element_type=\"section\" data-settings=\"{&quot;background_background&quot;:&quot;classic&quot;}\">\n\t\t\t\t\t\t<div class=\"elementor-container elementor-column-gap-no\">\n\t\t\t\t\t<div class=\"elementor-column elementor-col-100 elementor-top-column elementor-element elementor-element-32bca9e\" data-id=\"32bca9e\" data-element_type=\"column\">\n\t\t\t<div class=\"elementor-widget-wrap elementor-element-populated\">\n\t\t\t\t\t\t<div class=\"elementor-element elementor-element-0c58066 elementor-widget elementor-widget-heading\" data-id=\"0c58066\" data-element_type=\"widget\" data-widget_type=\"heading.default\">\n\t\t\t\t<div class=\"elementor-widget-container\">\n\t\t\t\t\t<h2 class=\"elementor-heading-title elementor-size-default\">Our Projects<\/h2>\t\t\t\t<\/div>\n\t\t\t\t<\/div>\n\t\t\t\t<div class=\"elementor-element elementor-element-af64312 elementor-grid-3 elementor-grid-tablet-2 elementor-grid-mobile-1 elementor-posts--thumbnail-top elementor-widget elementor-widget-posts\" data-id=\"af64312\" data-element_type=\"widget\" data-settings=\"{&quot;classic_row_gap&quot;:{&quot;unit&quot;:&quot;px&quot;,&quot;size&quot;:25,&quot;sizes&quot;:[]},&quot;classic_row_gap_mobile&quot;:{&quot;unit&quot;:&quot;px&quot;,&quot;size&quot;:35,&quot;sizes&quot;:[]},&quot;classic_columns&quot;:&quot;3&quot;,&quot;classic_columns_tablet&quot;:&quot;2&quot;,&quot;classic_columns_mobile&quot;:&quot;1&quot;,&quot;classic_row_gap_tablet&quot;:{&quot;unit&quot;:&quot;px&quot;,&quot;size&quot;:&quot;&quot;,&quot;sizes&quot;:[]}}\" data-widget_type=\"posts.classic\">\n\t\t\t\t<div class=\"elementor-widget-container\">\n\t\t\t\t\t\t\t<div class=\"elementor-posts-container elementor-posts elementor-posts--skin-classic elementor-grid\" role=\"list\">\n\t\t\t\t<article class=\"elementor-post elementor-grid-item post-1435 post type-post status-publish format-standard has-post-thumbnail hentry category-our-projects category-our-support-activities-in-2023-earthquake\" role=\"listitem\">\n\t\t\t\t<a class=\"elementor-post__thumbnail__link\" href=\"https:\/\/www.polatvakfi.com.tr\/en\/our-projects\/acute-phase\/\" tabindex=\"-1\" >\n\t\t\t<div class=\"elementor-post__thumbnail\"><img loading=\"lazy\" decoding=\"async\" width=\"1080\" height=\"1080\" src=\"https:\/\/www.polatvakfi.com.tr\/wp-content\/uploads\/2024\/09\/akut-donem.jpg\" class=\"attachment-full size-full wp-image-1309\" alt=\"\" srcset=\"https:\/\/www.polatvakfi.com.tr\/wp-content\/uploads\/2024\/09\/akut-donem.jpg 1080w, https:\/\/www.polatvakfi.com.tr\/wp-content\/uploads\/2024\/09\/akut-donem-300x300.jpg 300w, https:\/\/www.polatvakfi.com.tr\/wp-content\/uploads\/2024\/09\/akut-donem-1024x1024.jpg 1024w, https:\/\/www.polatvakfi.com.tr\/wp-content\/uploads\/2024\/09\/akut-donem-150x150.jpg 150w, https:\/\/www.polatvakfi.com.tr\/wp-content\/uploads\/2024\/09\/akut-donem-768x768.jpg 768w, https:\/\/www.polatvakfi.com.tr\/wp-content\/uploads\/2024\/09\/akut-donem-500x500.jpg 500w\" sizes=\"auto, (max-width: 1080px) 100vw, 1080px\" \/><\/div>\n\t\t<\/a>\n\t\t\t\t<div class=\"elementor-post__text\">\n\t\t\t\t<h3 class=\"elementor-post__title\">\n\t\t\t<a href=\"https:\/\/www.polatvakfi.com.tr\/en\/our-projects\/acute-phase\/\" >\n\t\t\t\tAcute Phase\t\t\t<\/a>\n\t\t<\/h3>\n\t\t\t\t<div class=\"elementor-post__excerpt\">\n\t\t\t<p>On February 6, 2023, at 04:17 and 13:24 UTC+3, two earthquakes with magnitudes of Mw7.7 and Mw7.6 struck Pazarc\u0131k and Elbistan districts of Kahramanmara\u015f, respectively.<\/p>\t\t<\/div>\n\t\t\n\t\t<a class=\"elementor-post__read-more\" href=\"https:\/\/www.polatvakfi.com.tr\/en\/our-projects\/acute-phase\/\" aria-label=\"Read more about Acute Phase\" tabindex=\"-1\" >\n\t\t\tRead more...\t\t<\/a>\n\n\t\t\t\t<\/div>\n\t\t\t\t<\/article>\n\t\t\t\t<article class=\"elementor-post elementor-grid-item post-1429 post type-post status-publish format-standard has-post-thumbnail hentry category-our-projects category-our-support-activities-in-2023-earthquake\" role=\"listitem\">\n\t\t\t\t<a class=\"elementor-post__thumbnail__link\" href=\"https:\/\/www.polatvakfi.com.tr\/en\/our-projects\/individual-supports\/\" tabindex=\"-1\" >\n\t\t\t<div class=\"elementor-post__thumbnail\"><img loading=\"lazy\" decoding=\"async\" width=\"1080\" height=\"1080\" src=\"https:\/\/www.polatvakfi.com.tr\/wp-content\/uploads\/2024\/09\/bireysel-yardimlar.jpg\" class=\"attachment-full size-full wp-image-1308\" alt=\"\" srcset=\"https:\/\/www.polatvakfi.com.tr\/wp-content\/uploads\/2024\/09\/bireysel-yardimlar.jpg 1080w, https:\/\/www.polatvakfi.com.tr\/wp-content\/uploads\/2024\/09\/bireysel-yardimlar-300x300.jpg 300w, https:\/\/www.polatvakfi.com.tr\/wp-content\/uploads\/2024\/09\/bireysel-yardimlar-1024x1024.jpg 1024w, https:\/\/www.polatvakfi.com.tr\/wp-content\/uploads\/2024\/09\/bireysel-yardimlar-150x150.jpg 150w, https:\/\/www.polatvakfi.com.tr\/wp-content\/uploads\/2024\/09\/bireysel-yardimlar-768x768.jpg 768w, https:\/\/www.polatvakfi.com.tr\/wp-content\/uploads\/2024\/09\/bireysel-yardimlar-500x500.jpg 500w\" sizes=\"auto, (max-width: 1080px) 100vw, 1080px\" \/><\/div>\n\t\t<\/a>\n\t\t\t\t<div class=\"elementor-post__text\">\n\t\t\t\t<h3 class=\"elementor-post__title\">\n\t\t\t<a href=\"https:\/\/www.polatvakfi.com.tr\/en\/our-projects\/individual-supports\/\" >\n\t\t\t\tIndividual Supports\t\t\t<\/a>\n\t\t<\/h3>\n\t\t\t\t<div class=\"elementor-post__excerpt\">\n\t\t\t<p>Earthquake survivors engaged in agriculture and livestock, as well as those with elderly or disabled family members who faced challenges relocat&#8230;<\/p>\t\t<\/div>\n\t\t\n\t\t<a class=\"elementor-post__read-more\" href=\"https:\/\/www.polatvakfi.com.tr\/en\/our-projects\/individual-supports\/\" aria-label=\"Read more about Individual Supports\" tabindex=\"-1\" >\n\t\t\tRead more...\t\t<\/a>\n\n\t\t\t\t<\/div>\n\t\t\t\t<\/article>\n\t\t\t\t<article class=\"elementor-post elementor-grid-item post-1420 post type-post status-publish format-standard has-post-thumbnail hentry category-our-projects category-our-support-activities-in-2023-earthquake\" role=\"listitem\">\n\t\t\t\t<a class=\"elementor-post__thumbnail__link\" href=\"https:\/\/www.polatvakfi.com.tr\/en\/our-projects\/polatkoy-samandag\/\" tabindex=\"-1\" >\n\t\t\t<div class=\"elementor-post__thumbnail\"><img loading=\"lazy\" decoding=\"async\" width=\"1080\" height=\"1080\" src=\"https:\/\/www.polatvakfi.com.tr\/wp-content\/uploads\/2024\/09\/polat-koy-cover.jpg\" class=\"attachment-full size-full wp-image-1362\" alt=\"\" srcset=\"https:\/\/www.polatvakfi.com.tr\/wp-content\/uploads\/2024\/09\/polat-koy-cover.jpg 1080w, https:\/\/www.polatvakfi.com.tr\/wp-content\/uploads\/2024\/09\/polat-koy-cover-300x300.jpg 300w, https:\/\/www.polatvakfi.com.tr\/wp-content\/uploads\/2024\/09\/polat-koy-cover-1024x1024.jpg 1024w, https:\/\/www.polatvakfi.com.tr\/wp-content\/uploads\/2024\/09\/polat-koy-cover-150x150.jpg 150w, https:\/\/www.polatvakfi.com.tr\/wp-content\/uploads\/2024\/09\/polat-koy-cover-768x768.jpg 768w, https:\/\/www.polatvakfi.com.tr\/wp-content\/uploads\/2024\/09\/polat-koy-cover-500x500.jpg 500w\" sizes=\"auto, (max-width: 1080px) 100vw, 1080px\" \/><\/div>\n\t\t<\/a>\n\t\t\t\t<div class=\"elementor-post__text\">\n\t\t\t\t<h3 class=\"elementor-post__title\">\n\t\t\t<a href=\"https:\/\/www.polatvakfi.com.tr\/en\/our-projects\/polatkoy-samandag\/\" >\n\t\t\t\tPolatk\u00f6y, Samanda\u011f\t\t\t<\/a>\n\t\t<\/h3>\n\t\t\t\t<div class=\"elementor-post__excerpt\">\n\t\t\t<p>123 housing containers were delivered to the land allocated by AFAD (Hatay Province, Samanda\u011f District, Kara\u00e7ay Neighborhood, Parcel 25034, Lot 65).<\/p>\t\t<\/div>\n\t\t\n\t\t<a class=\"elementor-post__read-more\" href=\"https:\/\/www.polatvakfi.com.tr\/en\/our-projects\/polatkoy-samandag\/\" aria-label=\"Read more about Polatk\u00f6y, Samanda\u011f\" tabindex=\"-1\" >\n\t\t\tRead more...\t\t<\/a>\n\n\t\t\t\t<\/div>\n\t\t\t\t<\/article>\n\t\t\t\t<article class=\"elementor-post elementor-grid-item post-1382 post type-post status-publish format-standard has-post-thumbnail hentry category-our-projects category-our-support-activities-in-2023-earthquake\" role=\"listitem\">\n\t\t\t\t<a class=\"elementor-post__thumbnail__link\" href=\"https:\/\/www.polatvakfi.com.tr\/en\/our-projects\/suna-polat-youth-center\/\" tabindex=\"-1\" >\n\t\t\t<div class=\"elementor-post__thumbnail\"><img loading=\"lazy\" decoding=\"async\" width=\"1080\" height=\"1080\" src=\"https:\/\/www.polatvakfi.com.tr\/wp-content\/uploads\/2024\/09\/suna-polat-genclik-merkezi.jpg\" class=\"attachment-full size-full wp-image-1319\" alt=\"\" srcset=\"https:\/\/www.polatvakfi.com.tr\/wp-content\/uploads\/2024\/09\/suna-polat-genclik-merkezi.jpg 1080w, https:\/\/www.polatvakfi.com.tr\/wp-content\/uploads\/2024\/09\/suna-polat-genclik-merkezi-300x300.jpg 300w, https:\/\/www.polatvakfi.com.tr\/wp-content\/uploads\/2024\/09\/suna-polat-genclik-merkezi-1024x1024.jpg 1024w, https:\/\/www.polatvakfi.com.tr\/wp-content\/uploads\/2024\/09\/suna-polat-genclik-merkezi-150x150.jpg 150w, https:\/\/www.polatvakfi.com.tr\/wp-content\/uploads\/2024\/09\/suna-polat-genclik-merkezi-768x768.jpg 768w, https:\/\/www.polatvakfi.com.tr\/wp-content\/uploads\/2024\/09\/suna-polat-genclik-merkezi-500x500.jpg 500w\" sizes=\"auto, (max-width: 1080px) 100vw, 1080px\" \/><\/div>\n\t\t<\/a>\n\t\t\t\t<div class=\"elementor-post__text\">\n\t\t\t\t<h3 class=\"elementor-post__title\">\n\t\t\t<a href=\"https:\/\/www.polatvakfi.com.tr\/en\/our-projects\/suna-polat-youth-center\/\" >\n\t\t\t\tSuna Polat Youth Center\t\t\t<\/a>\n\t\t<\/h3>\n\t\t\t\t<div class=\"elementor-post__excerpt\">\n\t\t\t<p>After the acute phase of the earthquake, the Polat Foundation continued its commitment to supporting the affected communities by initiating a new social support-focused project. <\/p>\t\t<\/div>\n\t\t\n\t\t<a class=\"elementor-post__read-more\" href=\"https:\/\/www.polatvakfi.com.tr\/en\/our-projects\/suna-polat-youth-center\/\" aria-label=\"Read more about Suna Polat Youth Center\" tabindex=\"-1\" >\n\t\t\tRead more...\t\t<\/a>\n\n\t\t\t\t<\/div>\n\t\t\t\t<\/article>\n\t\t\t\t<article class=\"elementor-post elementor-grid-item post-1377 post type-post status-publish format-standard has-post-thumbnail hentry category-our-projects\" role=\"listitem\">\n\t\t\t\t<a class=\"elementor-post__thumbnail__link\" href=\"https:\/\/www.polatvakfi.com.tr\/en\/our-projects\/gelecege-yesil-isik-yak\/\" tabindex=\"-1\" >\n\t\t\t<div class=\"elementor-post__thumbnail\"><img loading=\"lazy\" decoding=\"async\" width=\"1080\" height=\"1080\" src=\"https:\/\/www.polatvakfi.com.tr\/wp-content\/uploads\/2024\/09\/gelecege-isik-yak.jpg\" class=\"attachment-full size-full wp-image-1303\" alt=\"\" srcset=\"https:\/\/www.polatvakfi.com.tr\/wp-content\/uploads\/2024\/09\/gelecege-isik-yak.jpg 1080w, https:\/\/www.polatvakfi.com.tr\/wp-content\/uploads\/2024\/09\/gelecege-isik-yak-300x300.jpg 300w, https:\/\/www.polatvakfi.com.tr\/wp-content\/uploads\/2024\/09\/gelecege-isik-yak-1024x1024.jpg 1024w, https:\/\/www.polatvakfi.com.tr\/wp-content\/uploads\/2024\/09\/gelecege-isik-yak-150x150.jpg 150w, https:\/\/www.polatvakfi.com.tr\/wp-content\/uploads\/2024\/09\/gelecege-isik-yak-768x768.jpg 768w, https:\/\/www.polatvakfi.com.tr\/wp-content\/uploads\/2024\/09\/gelecege-isik-yak-500x500.jpg 500w\" sizes=\"auto, (max-width: 1080px) 100vw, 1080px\" \/><\/div>\n\t\t<\/a>\n\t\t\t\t<div class=\"elementor-post__text\">\n\t\t\t\t<h3 class=\"elementor-post__title\">\n\t\t\t<a href=\"https:\/\/www.polatvakfi.com.tr\/en\/our-projects\/gelecege-yesil-isik-yak\/\" >\n\t\t\t\tGelece\u011fe Ye\u015fil I\u015f\u0131k Yak\t\t\t<\/a>\n\t\t<\/h3>\n\t\t\t\t<div class=\"elementor-post__excerpt\">\n\t\t\t<p>\u201cGelece\u011fe Ye\u015fil I\u015f\u0131k Yak\u201d (Green Light for the Future) project, a collaboration between Polat Energy, T\u00fcrkiye&#8217;s leading wind energy company, and Polat Foundation, was launched in December 2023. <\/p>\t\t<\/div>\n\t\t\n\t\t<a class=\"elementor-post__read-more\" href=\"https:\/\/www.polatvakfi.com.tr\/en\/our-projects\/gelecege-yesil-isik-yak\/\" aria-label=\"Read more about Gelece\u011fe Ye\u015fil I\u015f\u0131k Yak\" tabindex=\"-1\" >\n\t\t\tRead more...\t\t<\/a>\n\n\t\t\t\t<\/div>\n\t\t\t\t<\/article>\n\t\t\t\t<\/div>\n\t\t\n\t\t\t\t\t\t<\/div>\n\t\t\t\t<\/div>\n\t\t\t\t\t<\/div>\n\t\t<\/div>\n\t\t\t\t\t<\/div>\n\t\t<\/section>\n\t\t\t\t<\/div>\n\t\t","protected":false},"excerpt":{"rendered":"<p>Our Projects<\/p>\n","protected":false},"author":2,"featured_media":0,"parent":0,"menu_order":0,"comment_status":"closed","ping_status":"closed","template":"elementor_header_footer","meta":{"_acf_changed":false,"footnotes":""},"class_list":["post-1503","page","type-page","status-publish","hentry"],"acf":[],"yoast_head":"<!-- This site is optimized with the Yoast SEO plugin v25.8 - https:\/\/yoast.com\/wordpress\/plugins\/seo\/ -->\n<title>Our Projects - Polat Vakf\u0131<\/title>\n<meta name=\"robots\" content=\"index, follow, max-snippet:-1, max-image-preview:large, max-video-preview:-1\" \/>\n<link rel=\"canonical\" href=\"https:\/\/www.polatvakfi.com.tr\/en\/our-projects\/\" \/>\n<meta property=\"og:locale\" content=\"en_US\" \/>\n<meta property=\"og:type\" content=\"article\" \/>\n<meta property=\"og:title\" content=\"Our Projects - Polat Vakf\u0131\" \/>\n<meta property=\"og:description\" content=\"Our Projects\" \/>\n<meta property=\"og:url\" content=\"https:\/\/www.polatvakfi.com.tr\/en\/our-projects\/\" \/>\n<meta property=\"og:site_name\" content=\"Polat Vakf\u0131\" \/>\n<meta property=\"article:modified_time\" content=\"2025-01-27T09:26:18+00:00\" \/>\n<meta name=\"twitter:card\" content=\"summary_large_image\" \/>\n<meta name=\"twitter:label1\" content=\"Est. reading time\" \/>\n\t<meta name=\"twitter:data1\" content=\"2 minutes\" \/>\n<script type=\"application\/ld+json\" class=\"yoast-schema-graph\">{\"@context\":\"https:\/\/schema.org\",\"@graph\":[{\"@type\":\"WebPage\",\"@id\":\"https:\/\/www.polatvakfi.com.tr\/en\/our-projects\/\",\"url\":\"https:\/\/www.polatvakfi.com.tr\/en\/our-projects\/\",\"name\":\"Our Projects - Polat Vakf\u0131\",\"isPartOf\":{\"@id\":\"https:\/\/www.polatvakfi.com.tr\/en\/#website\"},\"datePublished\":\"2024-09-13T09:36:13+00:00\",\"dateModified\":\"2025-01-27T09:26:18+00:00\",\"breadcrumb\":{\"@id\":\"https:\/\/www.polatvakfi.com.tr\/en\/our-projects\/#breadcrumb\"},\"inLanguage\":\"en-US\",\"potentialAction\":[{\"@type\":\"ReadAction\",\"target\":[\"https:\/\/www.polatvakfi.com.tr\/en\/our-projects\/\"]}]},{\"@type\":\"BreadcrumbList\",\"@id\":\"https:\/\/www.polatvakfi.com.tr\/en\/our-projects\/#breadcrumb\",\"itemListElement\":[{\"@type\":\"ListItem\",\"position\":1,\"name\":\"Anasayfa\",\"item\":\"https:\/\/www.polatvakfi.com.tr\/en\/\"},{\"@type\":\"ListItem\",\"position\":2,\"name\":\"Our Projects\"}]},{\"@type\":\"WebSite\",\"@id\":\"https:\/\/www.polatvakfi.com.tr\/en\/#website\",\"url\":\"https:\/\/www.polatvakfi.com.tr\/en\/\",\"name\":\"Polat Vakf\u0131\",\"description\":\"\",\"publisher\":{\"@id\":\"https:\/\/www.polatvakfi.com.tr\/en\/#organization\"},\"potentialAction\":[{\"@type\":\"SearchAction\",\"target\":{\"@type\":\"EntryPoint\",\"urlTemplate\":\"https:\/\/www.polatvakfi.com.tr\/en\/?s={search_term_string}\"},\"query-input\":{\"@type\":\"PropertyValueSpecification\",\"valueRequired\":true,\"valueName\":\"search_term_string\"}}],\"inLanguage\":\"en-US\"},{\"@type\":\"Organization\",\"@id\":\"https:\/\/www.polatvakfi.com.tr\/en\/#organization\",\"name\":\"Polat Vakf\u0131\",\"url\":\"https:\/\/www.polatvakfi.com.tr\/en\/\",\"logo\":{\"@type\":\"ImageObject\",\"inLanguage\":\"en-US\",\"@id\":\"https:\/\/www.polatvakfi.com.tr\/en\/#\/schema\/logo\/image\/\",\"url\":\"https:\/\/www.polatvakfi.com.tr\/wp-content\/uploads\/2024\/09\/polat-vakfi-logo.svg\",\"contentUrl\":\"https:\/\/www.polatvakfi.com.tr\/wp-content\/uploads\/2024\/09\/polat-vakfi-logo.svg\",\"width\":1067,\"height\":432,\"caption\":\"Polat Vakf\u0131\"},\"image\":{\"@id\":\"https:\/\/www.polatvakfi.com.tr\/en\/#\/schema\/logo\/image\/\"}}]}<\/script>\n<!-- \/ Yoast SEO plugin. -->","yoast_head_json":{"title":"Our Projects - Polat Vakf\u0131","robots":{"index":"index","follow":"follow","max-snippet":"max-snippet:-1","max-image-preview":"max-image-preview:large","max-video-preview":"max-video-preview:-1"},"canonical":"https:\/\/www.polatvakfi.com.tr\/en\/our-projects\/","og_locale":"en_US","og_type":"article","og_title":"Our Projects - Polat Vakf\u0131","og_description":"Our Projects","og_url":"https:\/\/www.polatvakfi.com.tr\/en\/our-projects\/","og_site_name":"Polat Vakf\u0131","article_modified_time":"2025-01-27T09:26:18+00:00","twitter_card":"summary_large_image","twitter_misc":{"Est. reading time":"2 minutes"},"schema":{"@context":"https:\/\/schema.org","@graph":[{"@type":"WebPage","@id":"https:\/\/www.polatvakfi.com.tr\/en\/our-projects\/","url":"https:\/\/www.polatvakfi.com.tr\/en\/our-projects\/","name":"Our Projects - Polat Vakf\u0131","isPartOf":{"@id":"https:\/\/www.polatvakfi.com.tr\/en\/#website"},"datePublished":"2024-09-13T09:36:13+00:00","dateModified":"2025-01-27T09:26:18+00:00","breadcrumb":{"@id":"https:\/\/www.polatvakfi.com.tr\/en\/our-projects\/#breadcrumb"},"inLanguage":"en-US","potentialAction":[{"@type":"ReadAction","target":["https:\/\/www.polatvakfi.com.tr\/en\/our-projects\/"]}]},{"@type":"BreadcrumbList","@id":"https:\/\/www.polatvakfi.com.tr\/en\/our-projects\/#breadcrumb","itemListElement":[{"@type":"ListItem","position":1,"name":"Anasayfa","item":"https:\/\/www.polatvakfi.com.tr\/en\/"},{"@type":"ListItem","position":2,"name":"Our Projects"}]},{"@type":"WebSite","@id":"https:\/\/www.polatvakfi.com.tr\/en\/#website","url":"https:\/\/www.polatvakfi.com.tr\/en\/","name":"Polat Vakf\u0131","description":"","publisher":{"@id":"https:\/\/www.polatvakfi.com.tr\/en\/#organization"},"potentialAction":[{"@type":"SearchAction","target":{"@type":"EntryPoint","urlTemplate":"https:\/\/www.polatvakfi.com.tr\/en\/?s={search_term_string}"},"query-input":{"@type":"PropertyValueSpecification","valueRequired":true,"valueName":"search_term_string"}}],"inLanguage":"en-US"},{"@type":"Organization","@id":"https:\/\/www.polatvakfi.com.tr\/en\/#organization","name":"Polat Vakf\u0131","url":"https:\/\/www.polatvakfi.com.tr\/en\/","logo":{"@type":"ImageObject","inLanguage":"en-US","@id":"https:\/\/www.polatvakfi.com.tr\/en\/#\/schema\/logo\/image\/","url":"https:\/\/www.polatvakfi.com.tr\/wp-content\/uploads\/2024\/09\/polat-vakfi-logo.svg","contentUrl":"https:\/\/www.polatvakfi.com.tr\/wp-content\/uploads\/2024\/09\/polat-vakfi-logo.svg","width":1067,"height":432,"caption":"Polat Vakf\u0131"},"image":{"@id":"https:\/\/www.polatvakfi.com.tr\/en\/#\/schema\/logo\/image\/"}}]}},"_links":{"self":[{"href":"https:\/\/www.polatvakfi.com.tr\/en\/wp-json\/wp\/v2\/pages\/1503","targetHints":{"allow":["GET"]}}],"collection":[{"href":"https:\/\/www.polatvakfi.com.tr\/en\/wp-json\/wp\/v2\/pages"}],"about":[{"href":"https:\/\/www.polatvakfi.com.tr\/en\/wp-json\/wp\/v2\/types\/page"}],"author":[{"embeddable":true,"href":"https:\/\/www.polatvakfi.com.tr\/en\/wp-json\/wp\/v2\/users\/2"}],"replies":[{"embeddable":true,"href":"https:\/\/www.polatvakfi.com.tr\/en\/wp-json\/wp\/v2\/comments?post=1503"}],"version-history":[{"count":0,"href":"https:\/\/www.polatvakfi.com.tr\/en\/wp-json\/wp\/v2\/pages\/1503\/revisions"}],"wp:attachment":[{"href":"https:\/\/www.polatvakfi.com.tr\/en\/wp-json\/wp\/v2\/media?parent=1503"}],"curies":[{"name":"wp","href":"https:\/\/api.w.org\/{rel}","templated":true}]}}