{"id":1372,"date":"2024-09-12T10:15:36","date_gmt":"2024-09-12T07:15:36","guid":{"rendered":"https:\/\/www.polatvakfi.com.tr\/is-birlikcilerimiz\/"},"modified":"2025-01-22T23:17:40","modified_gmt":"2025-01-22T20:17:40","slug":"our-collaborators","status":"publish","type":"page","link":"https:\/\/www.polatvakfi.com.tr\/en\/our-collaborators\/","title":{"rendered":"Our Collaborators"},"content":{"rendered":"\t\t<div data-elementor-type=\"wp-page\" data-elementor-id=\"1372\" class=\"elementor elementor-1372 elementor-149\" data-elementor-post-type=\"page\">\n\t\t\t\t\t\t<section class=\"elementor-section elementor-top-section elementor-element elementor-element-6f2e0b5 elementor-reverse-mobile elementor-section-boxed elementor-section-height-default elementor-section-height-default\" data-id=\"6f2e0b5\" data-element_type=\"section\" data-settings=\"{&quot;background_background&quot;:&quot;classic&quot;}\">\n\t\t\t\t\t\t<div class=\"elementor-container elementor-column-gap-no\">\n\t\t\t\t\t<div class=\"elementor-column elementor-col-100 elementor-top-column elementor-element elementor-element-0c27bbe\" data-id=\"0c27bbe\" data-element_type=\"column\">\n\t\t\t<div class=\"elementor-widget-wrap elementor-element-populated\">\n\t\t\t\t\t\t<div class=\"elementor-element elementor-element-12e6f8e elementor-widget elementor-widget-heading\" data-id=\"12e6f8e\" data-element_type=\"widget\" data-widget_type=\"heading.default\">\n\t\t\t\t<div class=\"elementor-widget-container\">\n\t\t\t\t\t<h2 class=\"elementor-heading-title elementor-size-default\">Our Collaborators<\/h2>\t\t\t\t<\/div>\n\t\t\t\t<\/div>\n\t\t\t\t\t<\/div>\n\t\t<\/div>\n\t\t\t\t\t<\/div>\n\t\t<\/section>\n\t\t\t\t<section class=\"elementor-section elementor-top-section elementor-element elementor-element-1d97e93 elementor-reverse-mobile elementor-section-boxed elementor-section-height-default elementor-section-height-default\" data-id=\"1d97e93\" data-element_type=\"section\" data-settings=\"{&quot;background_background&quot;:&quot;classic&quot;}\">\n\t\t\t\t\t\t<div class=\"elementor-container elementor-column-gap-no\">\n\t\t\t\t\t<div class=\"elementor-column elementor-col-100 elementor-top-column elementor-element elementor-element-312b72c\" data-id=\"312b72c\" data-element_type=\"column\">\n\t\t\t<div class=\"elementor-widget-wrap elementor-element-populated\">\n\t\t\t\t\t\t<div class=\"elementor-element elementor-element-81219c9 elementor-position-left elementor-position-top elementor-vertical-align-top elementor-widget elementor-widget-image-box\" data-id=\"81219c9\" data-element_type=\"widget\" data-widget_type=\"image-box.default\">\n\t\t\t\t<div class=\"elementor-widget-container\">\n\t\t\t\t\t<div class=\"elementor-image-box-wrapper\"><figure class=\"elementor-image-box-img\"><img loading=\"lazy\" decoding=\"async\" width=\"400\" height=\"400\" src=\"https:\/\/www.polatvakfi.com.tr\/wp-content\/uploads\/2024\/09\/koruncukvakfi.jpg\" class=\"attachment-full size-full wp-image-766\" alt=\"\" srcset=\"https:\/\/www.polatvakfi.com.tr\/wp-content\/uploads\/2024\/09\/koruncukvakfi.jpg 400w, https:\/\/www.polatvakfi.com.tr\/wp-content\/uploads\/2024\/09\/koruncukvakfi-300x300.jpg 300w, https:\/\/www.polatvakfi.com.tr\/wp-content\/uploads\/2024\/09\/koruncukvakfi-150x150.jpg 150w\" sizes=\"auto, (max-width: 400px) 100vw, 400px\" \/><\/figure><div class=\"elementor-image-box-content\"><h3 class=\"elementor-image-box-title\">Collaboration with Koruncuk Foundation<\/h3><p class=\"elementor-image-box-description\">Polat Foundation has partnered with Koruncuk Foundation to support girls in earthquake-affected areas who face challenges in accessing education.\nThrough this collaboration, the Polat Foundation and the Koruncuk Foundation have provided assistance to girls affected by the earthquake in the districts of Samanda\u011f, \u0130skenderun, and Defne in Hatay.\nWith the coordination of the Polat Foundation and support from local authorities, an application for education support was submitted to the Koruncuk Foundation for more than 100 students aged between 10 and 18 in the Samanda\u011f, \u0130skenderun, and Defne districts of Hatay on July 17, 18, and 19, 2023.<\/p><\/div><\/div>\t\t\t\t<\/div>\n\t\t\t\t<\/div>\n\t\t\t\t<div class=\"elementor-element elementor-element-e8a43eb elementor-widget-divider--view-line elementor-widget elementor-widget-divider\" data-id=\"e8a43eb\" data-element_type=\"widget\" data-widget_type=\"divider.default\">\n\t\t\t\t<div class=\"elementor-widget-container\">\n\t\t\t\t\t\t\t<div class=\"elementor-divider\">\n\t\t\t<span class=\"elementor-divider-separator\">\n\t\t\t\t\t\t<\/span>\n\t\t<\/div>\n\t\t\t\t\t\t<\/div>\n\t\t\t\t<\/div>\n\t\t\t\t<div class=\"elementor-element elementor-element-bd8ba52 elementor-position-left elementor-position-top elementor-vertical-align-top elementor-widget elementor-widget-image-box\" data-id=\"bd8ba52\" data-element_type=\"widget\" data-widget_type=\"image-box.default\">\n\t\t\t\t<div class=\"elementor-widget-container\">\n\t\t\t\t\t<div class=\"elementor-image-box-wrapper\"><figure class=\"elementor-image-box-img\"><img loading=\"lazy\" decoding=\"async\" width=\"400\" height=\"400\" src=\"https:\/\/www.polatvakfi.com.tr\/wp-content\/uploads\/2024\/09\/nesin-vakfi-logo-.jpg\" class=\"attachment-full size-full wp-image-178\" alt=\"\" srcset=\"https:\/\/www.polatvakfi.com.tr\/wp-content\/uploads\/2024\/09\/nesin-vakfi-logo-.jpg 400w, https:\/\/www.polatvakfi.com.tr\/wp-content\/uploads\/2024\/09\/nesin-vakfi-logo--300x300.jpg 300w, https:\/\/www.polatvakfi.com.tr\/wp-content\/uploads\/2024\/09\/nesin-vakfi-logo--150x150.jpg 150w\" sizes=\"auto, (max-width: 400px) 100vw, 400px\" \/><\/figure><div class=\"elementor-image-box-content\"><h3 class=\"elementor-image-box-title\">Collaboration with the Nesin Foundation <\/h3><p class=\"elementor-image-box-description\">Polat Foundation has signed a collaboration protocol with Nesin Foundation, which supports children aged 3-11 from Anatolia who lack access to reading resources but have a strong desire to read. Together, the foundations are continuing their partnership in the earthquake-affected region, particularly in Hatay, providing in-kind aid and support, as well as organizing workshops and events to empower and inspire the local community.<\/p><\/div><\/div>\t\t\t\t<\/div>\n\t\t\t\t<\/div>\n\t\t\t\t<div class=\"elementor-element elementor-element-48b870e elementor-widget-divider--view-line elementor-widget elementor-widget-divider\" data-id=\"48b870e\" data-element_type=\"widget\" data-widget_type=\"divider.default\">\n\t\t\t\t<div class=\"elementor-widget-container\">\n\t\t\t\t\t\t\t<div class=\"elementor-divider\">\n\t\t\t<span class=\"elementor-divider-separator\">\n\t\t\t\t\t\t<\/span>\n\t\t<\/div>\n\t\t\t\t\t\t<\/div>\n\t\t\t\t<\/div>\n\t\t\t\t<div class=\"elementor-element elementor-element-112df21 elementor-position-left elementor-position-top elementor-vertical-align-top elementor-widget elementor-widget-image-box\" data-id=\"112df21\" data-element_type=\"widget\" data-widget_type=\"image-box.default\">\n\t\t\t\t<div class=\"elementor-widget-container\">\n\t\t\t\t\t<div class=\"elementor-image-box-wrapper\"><figure class=\"elementor-image-box-img\"><img loading=\"lazy\" decoding=\"async\" width=\"400\" height=\"400\" src=\"https:\/\/www.polatvakfi.com.tr\/wp-content\/uploads\/2024\/09\/salda-golu.jpg\" class=\"attachment-full size-full wp-image-985\" alt=\"\" srcset=\"https:\/\/www.polatvakfi.com.tr\/wp-content\/uploads\/2024\/09\/salda-golu.jpg 400w, https:\/\/www.polatvakfi.com.tr\/wp-content\/uploads\/2024\/09\/salda-golu-300x300.jpg 300w, https:\/\/www.polatvakfi.com.tr\/wp-content\/uploads\/2024\/09\/salda-golu-150x150.jpg 150w\" sizes=\"auto, (max-width: 400px) 100vw, 400px\" \/><\/figure><div class=\"elementor-image-box-content\"><h3 class=\"elementor-image-box-title\">Protection and Promotion of Salda Lake's Cultural Heritage Project<\/h3><p class=\"elementor-image-box-description\">Polat Foundation has sponsored the production of films to be featured across various media platforms, aiming to promote the region and contribute to a sustainable future.\nSalda Lake, recognized for its ecological significance, has been placed under protection by the Ministry of Environment, Urbanization, and Climate Change of the Republic of T\u00fcrkiye to combat threats such as groundwater depletion and urban development. The foundation is actively supporting ongoing efforts to raise awareness about this critical issue.<\/p><\/div><\/div>\t\t\t\t<\/div>\n\t\t\t\t<\/div>\n\t\t\t\t<div class=\"elementor-element elementor-element-2d1c213 elementor-widget-divider--view-line elementor-widget elementor-widget-divider\" data-id=\"2d1c213\" data-element_type=\"widget\" data-widget_type=\"divider.default\">\n\t\t\t\t<div class=\"elementor-widget-container\">\n\t\t\t\t\t\t\t<div class=\"elementor-divider\">\n\t\t\t<span class=\"elementor-divider-separator\">\n\t\t\t\t\t\t<\/span>\n\t\t<\/div>\n\t\t\t\t\t\t<\/div>\n\t\t\t\t<\/div>\n\t\t\t\t<div class=\"elementor-element elementor-element-d6571ec elementor-position-left elementor-position-top elementor-vertical-align-top elementor-widget elementor-widget-image-box\" data-id=\"d6571ec\" data-element_type=\"widget\" data-widget_type=\"image-box.default\">\n\t\t\t\t<div class=\"elementor-widget-container\">\n\t\t\t\t\t<div class=\"elementor-image-box-wrapper\"><figure class=\"elementor-image-box-img\"><img loading=\"lazy\" decoding=\"async\" width=\"400\" height=\"400\" src=\"https:\/\/www.polatvakfi.com.tr\/wp-content\/uploads\/2024\/09\/fevziye-mektepleri.jpg\" class=\"attachment-full size-full wp-image-180\" alt=\"\" srcset=\"https:\/\/www.polatvakfi.com.tr\/wp-content\/uploads\/2024\/09\/fevziye-mektepleri.jpg 400w, https:\/\/www.polatvakfi.com.tr\/wp-content\/uploads\/2024\/09\/fevziye-mektepleri-300x300.jpg 300w, https:\/\/www.polatvakfi.com.tr\/wp-content\/uploads\/2024\/09\/fevziye-mektepleri-150x150.jpg 150w\" sizes=\"auto, (max-width: 400px) 100vw, 400px\" \/><\/figure><div class=\"elementor-image-box-content\"><h3 class=\"elementor-image-box-title\">FMV I\u015f\u0131k Schools Collaboration<\/h3><p class=\"elementor-image-box-description\">FMV I\u015f\u0131k Schools is an institution dedicated to contributing to national education with the mission of raising \"First, Good People.\" Through the collaboration of the Polat Foundation and FMV I\u015f\u0131k School's teachers and administrators, New Year gifts prepared by students and their families were delivered to children affected by the earthquake in Hatay.\nOn December 30 and 31, these gifts were distributed to the students of Selim Tevfik Eskiocak Anatolian High School in the Defne district, Kara\u00e7ay Primary School, and children of all ages residing in Polatk\u00f6y Container Settlement in the Samanda\u011f district.<\/p><\/div><\/div>\t\t\t\t<\/div>\n\t\t\t\t<\/div>\n\t\t\t\t\t<\/div>\n\t\t<\/div>\n\t\t\t\t\t<\/div>\n\t\t<\/section>\n\t\t\t\t<\/div>\n\t\t","protected":false},"excerpt":{"rendered":"<p>Our Collaborators Collaboration with Koruncuk Foundation Polat Foundation has partnered with Koruncuk Foundation to support girls in earthquake-affected areas who face challenges in accessing education. Through this collaboration, the Polat Foundation and the Koruncuk Foundation have provided assistance to girls affected by the earthquake in the districts of Samanda\u011f, \u0130skenderun, and Defne in Hatay. With the coordination of the Polat Foundation and support from local authorities, an application for education support was submitted to the Koruncuk Foundation for more than 100 students aged between 10 and 18 in the Samanda\u011f, \u0130skenderun, and Defne districts of Hatay on July 17, 18, and 19, 2023. Collaboration with the Nesin Foundation Polat Foundation has signed a collaboration protocol with Nesin Foundation, which supports children aged 3-11 from Anatolia who lack access to reading resources but have a strong desire to read. Together, the foundations are continuing their partnership in the earthquake-affected region, particularly in Hatay, providing in-kind aid and support, as well as organizing workshops and events to empower and inspire the local community. Protection and Promotion of Salda Lake&#8217;s Cultural Heritage Project Polat Foundation has sponsored the production of films to be featured across various media platforms, aiming to promote the region and contribute to a sustainable future. Salda Lake, recognized for its ecological significance, has been placed under protection by the Ministry of Environment, Urbanization, and Climate Change of the Republic of T\u00fcrkiye to combat threats such as groundwater depletion and urban development. The foundation is actively supporting ongoing efforts to raise awareness about this critical issue. FMV I\u015f\u0131k Schools Collaboration FMV I\u015f\u0131k Schools is an institution dedicated to contributing to national education with the mission of raising &#8220;First, Good People.&#8221; Through the collaboration of the Polat Foundation and FMV I\u015f\u0131k School&#8217;s teachers and administrators, New Year gifts prepared by students and their families were delivered to children affected by the earthquake in Hatay. On December 30 and 31, these gifts were distributed to the students of Selim Tevfik Eskiocak Anatolian High School in the Defne district, Kara\u00e7ay Primary School, and children of all ages residing in Polatk\u00f6y Container Settlement in the Samanda\u011f district.<\/p>\n","protected":false},"author":2,"featured_media":0,"parent":0,"menu_order":0,"comment_status":"closed","ping_status":"closed","template":"elementor_header_footer","meta":{"_acf_changed":false,"footnotes":""},"class_list":["post-1372","page","type-page","status-publish","hentry"],"acf":[],"yoast_head":"<!-- This site is optimized with the Yoast SEO plugin v25.8 - https:\/\/yoast.com\/wordpress\/plugins\/seo\/ -->\n<title>Our Collaborators - Polat Vakf\u0131<\/title>\n<meta name=\"robots\" content=\"index, follow, max-snippet:-1, max-image-preview:large, max-video-preview:-1\" \/>\n<link rel=\"canonical\" href=\"https:\/\/www.polatvakfi.com.tr\/en\/our-collaborators\/\" \/>\n<meta property=\"og:locale\" content=\"en_US\" \/>\n<meta property=\"og:type\" content=\"article\" \/>\n<meta property=\"og:title\" content=\"Our Collaborators - Polat Vakf\u0131\" \/>\n<meta property=\"og:description\" content=\"Our Collaborators Collaboration with Koruncuk Foundation Polat Foundation has partnered with Koruncuk Foundation to support girls in earthquake-affected areas who face challenges in accessing education. Through this collaboration, the Polat Foundation and the Koruncuk Foundation have provided assistance to girls affected by the earthquake in the districts of Samanda\u011f, \u0130skenderun, and Defne in Hatay. With the coordination of the Polat Foundation and support from local authorities, an application for education support was submitted to the Koruncuk Foundation for more than 100 students aged between 10 and 18 in the Samanda\u011f, \u0130skenderun, and Defne districts of Hatay on July 17, 18, and 19, 2023. Collaboration with the Nesin Foundation Polat Foundation has signed a collaboration protocol with Nesin Foundation, which supports children aged 3-11 from Anatolia who lack access to reading resources but have a strong desire to read. Together, the foundations are continuing their partnership in the earthquake-affected region, particularly in Hatay, providing in-kind aid and support, as well as organizing workshops and events to empower and inspire the local community. Protection and Promotion of Salda Lake&#8217;s Cultural Heritage Project Polat Foundation has sponsored the production of films to be featured across various media platforms, aiming to promote the region and contribute to a sustainable future. Salda Lake, recognized for its ecological significance, has been placed under protection by the Ministry of Environment, Urbanization, and Climate Change of the Republic of T\u00fcrkiye to combat threats such as groundwater depletion and urban development. The foundation is actively supporting ongoing efforts to raise awareness about this critical issue. FMV I\u015f\u0131k Schools Collaboration FMV I\u015f\u0131k Schools is an institution dedicated to contributing to national education with the mission of raising &#8220;First, Good People.&#8221; Through the collaboration of the Polat Foundation and FMV I\u015f\u0131k School&#8217;s teachers and administrators, New Year gifts prepared by students and their families were delivered to children affected by the earthquake in Hatay. On December 30 and 31, these gifts were distributed to the students of Selim Tevfik Eskiocak Anatolian High School in the Defne district, Kara\u00e7ay Primary School, and children of all ages residing in Polatk\u00f6y Container Settlement in the Samanda\u011f district.\" \/>\n<meta property=\"og:url\" content=\"https:\/\/www.polatvakfi.com.tr\/en\/our-collaborators\/\" \/>\n<meta property=\"og:site_name\" content=\"Polat Vakf\u0131\" \/>\n<meta property=\"article:modified_time\" content=\"2025-01-22T20:17:40+00:00\" \/>\n<meta property=\"og:image\" content=\"https:\/\/www.polatvakfi.com.tr\/wp-content\/uploads\/2024\/09\/koruncukvakfi.jpg\" \/>\n<meta name=\"twitter:card\" content=\"summary_large_image\" \/>\n<meta name=\"twitter:label1\" content=\"Est. reading time\" \/>\n\t<meta name=\"twitter:data1\" content=\"3 minutes\" \/>\n<script type=\"application\/ld+json\" class=\"yoast-schema-graph\">{\"@context\":\"https:\/\/schema.org\",\"@graph\":[{\"@type\":\"WebPage\",\"@id\":\"https:\/\/www.polatvakfi.com.tr\/en\/our-collaborators\/\",\"url\":\"https:\/\/www.polatvakfi.com.tr\/en\/our-collaborators\/\",\"name\":\"Our Collaborators - Polat Vakf\u0131\",\"isPartOf\":{\"@id\":\"https:\/\/www.polatvakfi.com.tr\/en\/#website\"},\"primaryImageOfPage\":{\"@id\":\"https:\/\/www.polatvakfi.com.tr\/en\/our-collaborators\/#primaryimage\"},\"image\":{\"@id\":\"https:\/\/www.polatvakfi.com.tr\/en\/our-collaborators\/#primaryimage\"},\"thumbnailUrl\":\"https:\/\/www.polatvakfi.com.tr\/wp-content\/uploads\/2024\/09\/koruncukvakfi.jpg\",\"datePublished\":\"2024-09-12T07:15:36+00:00\",\"dateModified\":\"2025-01-22T20:17:40+00:00\",\"breadcrumb\":{\"@id\":\"https:\/\/www.polatvakfi.com.tr\/en\/our-collaborators\/#breadcrumb\"},\"inLanguage\":\"en-US\",\"potentialAction\":[{\"@type\":\"ReadAction\",\"target\":[\"https:\/\/www.polatvakfi.com.tr\/en\/our-collaborators\/\"]}]},{\"@type\":\"ImageObject\",\"inLanguage\":\"en-US\",\"@id\":\"https:\/\/www.polatvakfi.com.tr\/en\/our-collaborators\/#primaryimage\",\"url\":\"https:\/\/www.polatvakfi.com.tr\/wp-content\/uploads\/2024\/09\/koruncukvakfi.jpg\",\"contentUrl\":\"https:\/\/www.polatvakfi.com.tr\/wp-content\/uploads\/2024\/09\/koruncukvakfi.jpg\"},{\"@type\":\"BreadcrumbList\",\"@id\":\"https:\/\/www.polatvakfi.com.tr\/en\/our-collaborators\/#breadcrumb\",\"itemListElement\":[{\"@type\":\"ListItem\",\"position\":1,\"name\":\"Anasayfa\",\"item\":\"https:\/\/www.polatvakfi.com.tr\/en\/\"},{\"@type\":\"ListItem\",\"position\":2,\"name\":\"Our Collaborators\"}]},{\"@type\":\"WebSite\",\"@id\":\"https:\/\/www.polatvakfi.com.tr\/en\/#website\",\"url\":\"https:\/\/www.polatvakfi.com.tr\/en\/\",\"name\":\"Polat Vakf\u0131\",\"description\":\"\",\"publisher\":{\"@id\":\"https:\/\/www.polatvakfi.com.tr\/en\/#organization\"},\"potentialAction\":[{\"@type\":\"SearchAction\",\"target\":{\"@type\":\"EntryPoint\",\"urlTemplate\":\"https:\/\/www.polatvakfi.com.tr\/en\/?s={search_term_string}\"},\"query-input\":{\"@type\":\"PropertyValueSpecification\",\"valueRequired\":true,\"valueName\":\"search_term_string\"}}],\"inLanguage\":\"en-US\"},{\"@type\":\"Organization\",\"@id\":\"https:\/\/www.polatvakfi.com.tr\/en\/#organization\",\"name\":\"Polat Vakf\u0131\",\"url\":\"https:\/\/www.polatvakfi.com.tr\/en\/\",\"logo\":{\"@type\":\"ImageObject\",\"inLanguage\":\"en-US\",\"@id\":\"https:\/\/www.polatvakfi.com.tr\/en\/#\/schema\/logo\/image\/\",\"url\":\"https:\/\/www.polatvakfi.com.tr\/wp-content\/uploads\/2024\/09\/polat-vakfi-logo.svg\",\"contentUrl\":\"https:\/\/www.polatvakfi.com.tr\/wp-content\/uploads\/2024\/09\/polat-vakfi-logo.svg\",\"width\":1067,\"height\":432,\"caption\":\"Polat Vakf\u0131\"},\"image\":{\"@id\":\"https:\/\/www.polatvakfi.com.tr\/en\/#\/schema\/logo\/image\/\"}}]}<\/script>\n<!-- \/ Yoast SEO plugin. -->","yoast_head_json":{"title":"Our Collaborators - Polat Vakf\u0131","robots":{"index":"index","follow":"follow","max-snippet":"max-snippet:-1","max-image-preview":"max-image-preview:large","max-video-preview":"max-video-preview:-1"},"canonical":"https:\/\/www.polatvakfi.com.tr\/en\/our-collaborators\/","og_locale":"en_US","og_type":"article","og_title":"Our Collaborators - Polat Vakf\u0131","og_description":"Our Collaborators Collaboration with Koruncuk Foundation Polat Foundation has partnered with Koruncuk Foundation to support girls in earthquake-affected areas who face challenges in accessing education. Through this collaboration, the Polat Foundation and the Koruncuk Foundation have provided assistance to girls affected by the earthquake in the districts of Samanda\u011f, \u0130skenderun, and Defne in Hatay. With the coordination of the Polat Foundation and support from local authorities, an application for education support was submitted to the Koruncuk Foundation for more than 100 students aged between 10 and 18 in the Samanda\u011f, \u0130skenderun, and Defne districts of Hatay on July 17, 18, and 19, 2023. Collaboration with the Nesin Foundation Polat Foundation has signed a collaboration protocol with Nesin Foundation, which supports children aged 3-11 from Anatolia who lack access to reading resources but have a strong desire to read. Together, the foundations are continuing their partnership in the earthquake-affected region, particularly in Hatay, providing in-kind aid and support, as well as organizing workshops and events to empower and inspire the local community. Protection and Promotion of Salda Lake&#8217;s Cultural Heritage Project Polat Foundation has sponsored the production of films to be featured across various media platforms, aiming to promote the region and contribute to a sustainable future. Salda Lake, recognized for its ecological significance, has been placed under protection by the Ministry of Environment, Urbanization, and Climate Change of the Republic of T\u00fcrkiye to combat threats such as groundwater depletion and urban development. The foundation is actively supporting ongoing efforts to raise awareness about this critical issue. FMV I\u015f\u0131k Schools Collaboration FMV I\u015f\u0131k Schools is an institution dedicated to contributing to national education with the mission of raising &#8220;First, Good People.&#8221; Through the collaboration of the Polat Foundation and FMV I\u015f\u0131k School&#8217;s teachers and administrators, New Year gifts prepared by students and their families were delivered to children affected by the earthquake in Hatay. On December 30 and 31, these gifts were distributed to the students of Selim Tevfik Eskiocak Anatolian High School in the Defne district, Kara\u00e7ay Primary School, and children of all ages residing in Polatk\u00f6y Container Settlement in the Samanda\u011f district.","og_url":"https:\/\/www.polatvakfi.com.tr\/en\/our-collaborators\/","og_site_name":"Polat Vakf\u0131","article_modified_time":"2025-01-22T20:17:40+00:00","og_image":[{"url":"https:\/\/www.polatvakfi.com.tr\/wp-content\/uploads\/2024\/09\/koruncukvakfi.jpg","type":"","width":"","height":""}],"twitter_card":"summary_large_image","twitter_misc":{"Est. reading time":"3 minutes"},"schema":{"@context":"https:\/\/schema.org","@graph":[{"@type":"WebPage","@id":"https:\/\/www.polatvakfi.com.tr\/en\/our-collaborators\/","url":"https:\/\/www.polatvakfi.com.tr\/en\/our-collaborators\/","name":"Our Collaborators - Polat Vakf\u0131","isPartOf":{"@id":"https:\/\/www.polatvakfi.com.tr\/en\/#website"},"primaryImageOfPage":{"@id":"https:\/\/www.polatvakfi.com.tr\/en\/our-collaborators\/#primaryimage"},"image":{"@id":"https:\/\/www.polatvakfi.com.tr\/en\/our-collaborators\/#primaryimage"},"thumbnailUrl":"https:\/\/www.polatvakfi.com.tr\/wp-content\/uploads\/2024\/09\/koruncukvakfi.jpg","datePublished":"2024-09-12T07:15:36+00:00","dateModified":"2025-01-22T20:17:40+00:00","breadcrumb":{"@id":"https:\/\/www.polatvakfi.com.tr\/en\/our-collaborators\/#breadcrumb"},"inLanguage":"en-US","potentialAction":[{"@type":"ReadAction","target":["https:\/\/www.polatvakfi.com.tr\/en\/our-collaborators\/"]}]},{"@type":"ImageObject","inLanguage":"en-US","@id":"https:\/\/www.polatvakfi.com.tr\/en\/our-collaborators\/#primaryimage","url":"https:\/\/www.polatvakfi.com.tr\/wp-content\/uploads\/2024\/09\/koruncukvakfi.jpg","contentUrl":"https:\/\/www.polatvakfi.com.tr\/wp-content\/uploads\/2024\/09\/koruncukvakfi.jpg"},{"@type":"BreadcrumbList","@id":"https:\/\/www.polatvakfi.com.tr\/en\/our-collaborators\/#breadcrumb","itemListElement":[{"@type":"ListItem","position":1,"name":"Anasayfa","item":"https:\/\/www.polatvakfi.com.tr\/en\/"},{"@type":"ListItem","position":2,"name":"Our Collaborators"}]},{"@type":"WebSite","@id":"https:\/\/www.polatvakfi.com.tr\/en\/#website","url":"https:\/\/www.polatvakfi.com.tr\/en\/","name":"Polat Vakf\u0131","description":"","publisher":{"@id":"https:\/\/www.polatvakfi.com.tr\/en\/#organization"},"potentialAction":[{"@type":"SearchAction","target":{"@type":"EntryPoint","urlTemplate":"https:\/\/www.polatvakfi.com.tr\/en\/?s={search_term_string}"},"query-input":{"@type":"PropertyValueSpecification","valueRequired":true,"valueName":"search_term_string"}}],"inLanguage":"en-US"},{"@type":"Organization","@id":"https:\/\/www.polatvakfi.com.tr\/en\/#organization","name":"Polat Vakf\u0131","url":"https:\/\/www.polatvakfi.com.tr\/en\/","logo":{"@type":"ImageObject","inLanguage":"en-US","@id":"https:\/\/www.polatvakfi.com.tr\/en\/#\/schema\/logo\/image\/","url":"https:\/\/www.polatvakfi.com.tr\/wp-content\/uploads\/2024\/09\/polat-vakfi-logo.svg","contentUrl":"https:\/\/www.polatvakfi.com.tr\/wp-content\/uploads\/2024\/09\/polat-vakfi-logo.svg","width":1067,"height":432,"caption":"Polat Vakf\u0131"},"image":{"@id":"https:\/\/www.polatvakfi.com.tr\/en\/#\/schema\/logo\/image\/"}}]}},"_links":{"self":[{"href":"https:\/\/www.polatvakfi.com.tr\/en\/wp-json\/wp\/v2\/pages\/1372","targetHints":{"allow":["GET"]}}],"collection":[{"href":"https:\/\/www.polatvakfi.com.tr\/en\/wp-json\/wp\/v2\/pages"}],"about":[{"href":"https:\/\/www.polatvakfi.com.tr\/en\/wp-json\/wp\/v2\/types\/page"}],"author":[{"embeddable":true,"href":"https:\/\/www.polatvakfi.com.tr\/en\/wp-json\/wp\/v2\/users\/2"}],"replies":[{"embeddable":true,"href":"https:\/\/www.polatvakfi.com.tr\/en\/wp-json\/wp\/v2\/comments?post=1372"}],"version-history":[{"count":0,"href":"https:\/\/www.polatvakfi.com.tr\/en\/wp-json\/wp\/v2\/pages\/1372\/revisions"}],"wp:attachment":[{"href":"https:\/\/www.polatvakfi.com.tr\/en\/wp-json\/wp\/v2\/media?parent=1372"}],"curies":[{"name":"wp","href":"https:\/\/api.w.org\/{rel}","templated":true}]}}