{"id":1363,"date":"2024-09-13T12:18:03","date_gmt":"2024-09-13T09:18:03","guid":{"rendered":"https:\/\/www.polatvakfi.com.tr\/buyuk-bagiscilarimiz\/"},"modified":"2025-01-22T23:19:08","modified_gmt":"2025-01-22T20:19:08","slug":"our-major-supporters","status":"publish","type":"page","link":"https:\/\/www.polatvakfi.com.tr\/en\/our-major-supporters\/","title":{"rendered":"Our Major Supporters"},"content":{"rendered":"\t\t<div data-elementor-type=\"wp-page\" data-elementor-id=\"1363\" class=\"elementor elementor-1363 elementor-346\" data-elementor-post-type=\"page\">\n\t\t\t\t\t\t<section class=\"elementor-section elementor-top-section elementor-element elementor-element-0475164 elementor-reverse-mobile elementor-section-boxed elementor-section-height-default elementor-section-height-default\" data-id=\"0475164\" data-element_type=\"section\" data-settings=\"{&quot;background_background&quot;:&quot;classic&quot;}\">\n\t\t\t\t\t\t<div class=\"elementor-container elementor-column-gap-no\">\n\t\t\t\t\t<div class=\"elementor-column elementor-col-100 elementor-top-column elementor-element elementor-element-1f7bbd5\" data-id=\"1f7bbd5\" data-element_type=\"column\">\n\t\t\t<div class=\"elementor-widget-wrap elementor-element-populated\">\n\t\t\t\t\t\t<div class=\"elementor-element elementor-element-499e02a elementor-widget elementor-widget-heading\" data-id=\"499e02a\" data-element_type=\"widget\" data-widget_type=\"heading.default\">\n\t\t\t\t<div class=\"elementor-widget-container\">\n\t\t\t\t\t<h2 class=\"elementor-heading-title elementor-size-default\">Our Major Supporters<\/h2>\t\t\t\t<\/div>\n\t\t\t\t<\/div>\n\t\t\t\t\t<\/div>\n\t\t<\/div>\n\t\t\t\t\t<\/div>\n\t\t<\/section>\n\t\t\t\t<section class=\"elementor-section elementor-top-section elementor-element elementor-element-7c13232 elementor-section-boxed elementor-section-height-default elementor-section-height-default\" data-id=\"7c13232\" data-element_type=\"section\">\n\t\t\t\t\t\t<div class=\"elementor-container elementor-column-gap-default\">\n\t\t\t\t\t<div class=\"elementor-column elementor-col-100 elementor-top-column elementor-element elementor-element-f53b3aa\" data-id=\"f53b3aa\" data-element_type=\"column\">\n\t\t\t<div class=\"elementor-widget-wrap elementor-element-populated\">\n\t\t\t\t\t\t<section class=\"elementor-section elementor-inner-section elementor-element elementor-element-64339e1 elementor-section-boxed elementor-section-height-default elementor-section-height-default\" data-id=\"64339e1\" data-element_type=\"section\">\n\t\t\t\t\t\t<div class=\"elementor-container elementor-column-gap-default\">\n\t\t\t\t\t<div class=\"elementor-column elementor-col-25 elementor-inner-column elementor-element elementor-element-8ad566a\" data-id=\"8ad566a\" data-element_type=\"column\" data-settings=\"{&quot;background_background&quot;:&quot;classic&quot;}\">\n\t\t\t<div class=\"elementor-widget-wrap elementor-element-populated\">\n\t\t\t\t\t\t<div class=\"elementor-element elementor-element-14ebc49 elementor-widget elementor-widget-icon-box\" data-id=\"14ebc49\" data-element_type=\"widget\" data-widget_type=\"icon-box.default\">\n\t\t\t\t<div class=\"elementor-widget-container\">\n\t\t\t\t\t\t\t<div class=\"elementor-icon-box-wrapper\">\n\n\t\t\t\n\t\t\t\t\t\t<div class=\"elementor-icon-box-content\">\n\n\t\t\t\t\t\t\t\t\t<span class=\"elementor-icon-box-title\">\n\t\t\t\t\t\t<span  >\n\t\t\t\t\t\t\tAdnan POLAT\t\t\t\t\t\t<\/span>\n\t\t\t\t\t<\/span>\n\t\t\t\t\n\t\t\t\t\n\t\t\t<\/div>\n\t\t\t\n\t\t<\/div>\n\t\t\t\t\t\t<\/div>\n\t\t\t\t<\/div>\n\t\t\t\t\t<\/div>\n\t\t<\/div>\n\t\t\t\t<div class=\"elementor-column elementor-col-25 elementor-inner-column elementor-element elementor-element-a2745cc\" data-id=\"a2745cc\" data-element_type=\"column\" data-settings=\"{&quot;background_background&quot;:&quot;classic&quot;}\">\n\t\t\t<div class=\"elementor-widget-wrap elementor-element-populated\">\n\t\t\t\t\t\t<div class=\"elementor-element elementor-element-16d6d5c elementor-widget elementor-widget-icon-box\" data-id=\"16d6d5c\" data-element_type=\"widget\" data-widget_type=\"icon-box.default\">\n\t\t\t\t<div class=\"elementor-widget-container\">\n\t\t\t\t\t\t\t<div class=\"elementor-icon-box-wrapper\">\n\n\t\t\t\n\t\t\t\t\t\t<div class=\"elementor-icon-box-content\">\n\n\t\t\t\t\t\t\t\t\t<span class=\"elementor-icon-box-title\">\n\t\t\t\t\t\t<span  >\n\t\t\t\t\t\t\tEda POLAT GK\u0130NOSAT\u0130S \t\t\t\t\t\t<\/span>\n\t\t\t\t\t<\/span>\n\t\t\t\t\n\t\t\t\t\n\t\t\t<\/div>\n\t\t\t\n\t\t<\/div>\n\t\t\t\t\t\t<\/div>\n\t\t\t\t<\/div>\n\t\t\t\t\t<\/div>\n\t\t<\/div>\n\t\t\t\t<div class=\"elementor-column elementor-col-25 elementor-inner-column elementor-element elementor-element-fe10dfe\" data-id=\"fe10dfe\" data-element_type=\"column\" data-settings=\"{&quot;background_background&quot;:&quot;classic&quot;}\">\n\t\t\t<div class=\"elementor-widget-wrap elementor-element-populated\">\n\t\t\t\t\t\t<div class=\"elementor-element elementor-element-2ba7c6d elementor-widget elementor-widget-icon-box\" data-id=\"2ba7c6d\" data-element_type=\"widget\" data-widget_type=\"icon-box.default\">\n\t\t\t\t<div class=\"elementor-widget-container\">\n\t\t\t\t\t\t\t<div class=\"elementor-icon-box-wrapper\">\n\n\t\t\t\n\t\t\t\t\t\t<div class=\"elementor-icon-box-content\">\n\n\t\t\t\t\t\t\t\t\t<span class=\"elementor-icon-box-title\">\n\t\t\t\t\t\t<span  >\n\t\t\t\t\t\t\tKerim POLAT\t\t\t\t\t\t<\/span>\n\t\t\t\t\t<\/span>\n\t\t\t\t\n\t\t\t\t\n\t\t\t<\/div>\n\t\t\t\n\t\t<\/div>\n\t\t\t\t\t\t<\/div>\n\t\t\t\t<\/div>\n\t\t\t\t\t<\/div>\n\t\t<\/div>\n\t\t\t\t<div class=\"elementor-column elementor-col-25 elementor-inner-column elementor-element elementor-element-eb8cc1e\" data-id=\"eb8cc1e\" data-element_type=\"column\" data-settings=\"{&quot;background_background&quot;:&quot;classic&quot;}\">\n\t\t\t<div class=\"elementor-widget-wrap elementor-element-populated\">\n\t\t\t\t\t\t<div class=\"elementor-element elementor-element-9b19b48 elementor-widget elementor-widget-icon-box\" data-id=\"9b19b48\" data-element_type=\"widget\" data-widget_type=\"icon-box.default\">\n\t\t\t\t<div class=\"elementor-widget-container\">\n\t\t\t\t\t\t\t<div class=\"elementor-icon-box-wrapper\">\n\n\t\t\t\n\t\t\t\t\t\t<div class=\"elementor-icon-box-content\">\n\n\t\t\t\t\t\t\t\t\t<span class=\"elementor-icon-box-title\">\n\t\t\t\t\t\t<span  >\n\t\t\t\t\t\t\tPolat Holding A.\u015e\t\t\t\t\t\t<\/span>\n\t\t\t\t\t<\/span>\n\t\t\t\t\n\t\t\t\t\n\t\t\t<\/div>\n\t\t\t\n\t\t<\/div>\n\t\t\t\t\t\t<\/div>\n\t\t\t\t<\/div>\n\t\t\t\t\t<\/div>\n\t\t<\/div>\n\t\t\t\t\t<\/div>\n\t\t<\/section>\n\t\t\t\t<section class=\"elementor-section elementor-inner-section elementor-element elementor-element-f07208b elementor-section-boxed elementor-section-height-default elementor-section-height-default\" data-id=\"f07208b\" data-element_type=\"section\">\n\t\t\t\t\t\t<div class=\"elementor-container elementor-column-gap-default\">\n\t\t\t\t\t<div class=\"elementor-column elementor-col-25 elementor-inner-column elementor-element elementor-element-55598b5\" data-id=\"55598b5\" data-element_type=\"column\" data-settings=\"{&quot;background_background&quot;:&quot;classic&quot;}\">\n\t\t\t<div class=\"elementor-widget-wrap elementor-element-populated\">\n\t\t\t\t\t\t<div class=\"elementor-element elementor-element-3edba13 elementor-widget elementor-widget-icon-box\" data-id=\"3edba13\" data-element_type=\"widget\" data-widget_type=\"icon-box.default\">\n\t\t\t\t<div class=\"elementor-widget-container\">\n\t\t\t\t\t\t\t<div class=\"elementor-icon-box-wrapper\">\n\n\t\t\t\n\t\t\t\t\t\t<div class=\"elementor-icon-box-content\">\n\n\t\t\t\t\t\t\t\t\t<span class=\"elementor-icon-box-title\">\n\t\t\t\t\t\t<span  >\n\t\t\t\t\t\t\tDESMOS Non Profit Foundation\t\t\t\t\t\t<\/span>\n\t\t\t\t\t<\/span>\n\t\t\t\t\n\t\t\t\t\n\t\t\t<\/div>\n\t\t\t\n\t\t<\/div>\n\t\t\t\t\t\t<\/div>\n\t\t\t\t<\/div>\n\t\t\t\t\t<\/div>\n\t\t<\/div>\n\t\t\t\t<div class=\"elementor-column elementor-col-25 elementor-inner-column elementor-element elementor-element-3121c4b\" data-id=\"3121c4b\" data-element_type=\"column\" data-settings=\"{&quot;background_background&quot;:&quot;classic&quot;}\">\n\t\t\t<div class=\"elementor-widget-wrap elementor-element-populated\">\n\t\t\t\t\t\t<div class=\"elementor-element elementor-element-a6336d5 elementor-widget elementor-widget-icon-box\" data-id=\"a6336d5\" data-element_type=\"widget\" data-widget_type=\"icon-box.default\">\n\t\t\t\t<div class=\"elementor-widget-container\">\n\t\t\t\t\t\t\t<div class=\"elementor-icon-box-wrapper\">\n\n\t\t\t\n\t\t\t\t\t\t<div class=\"elementor-icon-box-content\">\n\n\t\t\t\t\t\t\t\t\t<span class=\"elementor-icon-box-title\">\n\t\t\t\t\t\t<span  >\n\t\t\t\t\t\t\tPoyraz Yenilebilir Enerji \u00dcretim A.\u015e\t\t\t\t\t\t<\/span>\n\t\t\t\t\t<\/span>\n\t\t\t\t\n\t\t\t\t\n\t\t\t<\/div>\n\t\t\t\n\t\t<\/div>\n\t\t\t\t\t\t<\/div>\n\t\t\t\t<\/div>\n\t\t\t\t\t<\/div>\n\t\t<\/div>\n\t\t\t\t<div class=\"elementor-column elementor-col-25 elementor-inner-column elementor-element elementor-element-bd1d0a5\" data-id=\"bd1d0a5\" data-element_type=\"column\" data-settings=\"{&quot;background_background&quot;:&quot;classic&quot;}\">\n\t\t\t<div class=\"elementor-widget-wrap elementor-element-populated\">\n\t\t\t\t\t\t<div class=\"elementor-element elementor-element-8757c33 elementor-widget elementor-widget-icon-box\" data-id=\"8757c33\" data-element_type=\"widget\" data-widget_type=\"icon-box.default\">\n\t\t\t\t<div class=\"elementor-widget-container\">\n\t\t\t\t\t\t\t<div class=\"elementor-icon-box-wrapper\">\n\n\t\t\t\n\t\t\t\t\t\t<div class=\"elementor-icon-box-content\">\n\n\t\t\t\t\t\t\t\t\t<span class=\"elementor-icon-box-title\">\n\t\t\t\t\t\t<span  >\n\t\t\t\t\t\t\tALX Magyar-T\u00f6r\u00f6k Kereskedelmi K\u00f6zpont Kft.\t\t\t\t\t\t<\/span>\n\t\t\t\t\t<\/span>\n\t\t\t\t\n\t\t\t\t\n\t\t\t<\/div>\n\t\t\t\n\t\t<\/div>\n\t\t\t\t\t\t<\/div>\n\t\t\t\t<\/div>\n\t\t\t\t\t<\/div>\n\t\t<\/div>\n\t\t\t\t<div class=\"elementor-column elementor-col-25 elementor-inner-column elementor-element elementor-element-fd19378\" data-id=\"fd19378\" data-element_type=\"column\" data-settings=\"{&quot;background_background&quot;:&quot;classic&quot;}\">\n\t\t\t<div class=\"elementor-widget-wrap elementor-element-populated\">\n\t\t\t\t\t\t<div class=\"elementor-element elementor-element-2ba24ea elementor-widget elementor-widget-icon-box\" data-id=\"2ba24ea\" data-element_type=\"widget\" data-widget_type=\"icon-box.default\">\n\t\t\t\t<div class=\"elementor-widget-container\">\n\t\t\t\t\t\t\t<div class=\"elementor-icon-box-wrapper\">\n\n\t\t\t\n\t\t\t\t\t\t<div class=\"elementor-icon-box-content\">\n\n\t\t\t\t\t\t\t\t\t<span class=\"elementor-icon-box-title\">\n\t\t\t\t\t\t<span  >\n\t\t\t\t\t\t\tT\u00fcrkiye R\u00fczgar Enerjisi Birli\u011fi Sanko Enerji\t\t\t\t\t\t<\/span>\n\t\t\t\t\t<\/span>\n\t\t\t\t\n\t\t\t\t\n\t\t\t<\/div>\n\t\t\t\n\t\t<\/div>\n\t\t\t\t\t\t<\/div>\n\t\t\t\t<\/div>\n\t\t\t\t\t<\/div>\n\t\t<\/div>\n\t\t\t\t\t<\/div>\n\t\t<\/section>\n\t\t\t\t<section class=\"elementor-section elementor-inner-section elementor-element elementor-element-189c2a8 elementor-section-boxed elementor-section-height-default elementor-section-height-default\" data-id=\"189c2a8\" data-element_type=\"section\">\n\t\t\t\t\t\t<div class=\"elementor-container elementor-column-gap-default\">\n\t\t\t\t\t<div class=\"elementor-column elementor-col-25 elementor-inner-column elementor-element elementor-element-52222ff\" data-id=\"52222ff\" data-element_type=\"column\" data-settings=\"{&quot;background_background&quot;:&quot;classic&quot;}\">\n\t\t\t<div class=\"elementor-widget-wrap elementor-element-populated\">\n\t\t\t\t\t\t<div class=\"elementor-element elementor-element-ce25ad0 elementor-widget elementor-widget-icon-box\" data-id=\"ce25ad0\" data-element_type=\"widget\" data-widget_type=\"icon-box.default\">\n\t\t\t\t<div class=\"elementor-widget-container\">\n\t\t\t\t\t\t\t<div class=\"elementor-icon-box-wrapper\">\n\n\t\t\t\n\t\t\t\t\t\t<div class=\"elementor-icon-box-content\">\n\n\t\t\t\t\t\t\t\t\t<span class=\"elementor-icon-box-title\">\n\t\t\t\t\t\t<span  >\n\t\t\t\t\t\t\tPoltech Elektronik Sistemleri Tic. A.\u015e\t\t\t\t\t\t<\/span>\n\t\t\t\t\t<\/span>\n\t\t\t\t\n\t\t\t\t\n\t\t\t<\/div>\n\t\t\t\n\t\t<\/div>\n\t\t\t\t\t\t<\/div>\n\t\t\t\t<\/div>\n\t\t\t\t\t<\/div>\n\t\t<\/div>\n\t\t\t\t<div class=\"elementor-column elementor-col-25 elementor-inner-column elementor-element elementor-element-ca76c4a\" data-id=\"ca76c4a\" data-element_type=\"column\" data-settings=\"{&quot;background_background&quot;:&quot;classic&quot;}\">\n\t\t\t<div class=\"elementor-widget-wrap\">\n\t\t\t\t\t\t\t<\/div>\n\t\t<\/div>\n\t\t\t\t<div class=\"elementor-column elementor-col-25 elementor-inner-column elementor-element elementor-element-245d6e1\" data-id=\"245d6e1\" data-element_type=\"column\" data-settings=\"{&quot;background_background&quot;:&quot;classic&quot;}\">\n\t\t\t<div class=\"elementor-widget-wrap\">\n\t\t\t\t\t\t\t<\/div>\n\t\t<\/div>\n\t\t\t\t<div class=\"elementor-column elementor-col-25 elementor-inner-column elementor-element elementor-element-aafb8ea\" data-id=\"aafb8ea\" data-element_type=\"column\" data-settings=\"{&quot;background_background&quot;:&quot;classic&quot;}\">\n\t\t\t<div class=\"elementor-widget-wrap\">\n\t\t\t\t\t\t\t<\/div>\n\t\t<\/div>\n\t\t\t\t\t<\/div>\n\t\t<\/section>\n\t\t\t\t\t<\/div>\n\t\t<\/div>\n\t\t\t\t\t<\/div>\n\t\t<\/section>\n\t\t\t\t<\/div>\n\t\t","protected":false},"excerpt":{"rendered":"<p>Our Major Supporters Adnan POLAT Eda POLAT GK\u0130NOSAT\u0130S Kerim POLAT Polat Holding A.\u015e DESMOS Non Profit Foundation Poyraz Yenilebilir Enerji \u00dcretim A.\u015e ALX Magyar-T\u00f6r\u00f6k Kereskedelmi K\u00f6zpont Kft. T\u00fcrkiye R\u00fczgar Enerjisi Birli\u011fi Sanko Enerji Poltech Elektronik Sistemleri Tic. A.\u015e<\/p>\n","protected":false},"author":2,"featured_media":0,"parent":0,"menu_order":0,"comment_status":"closed","ping_status":"closed","template":"elementor_header_footer","meta":{"_acf_changed":false,"footnotes":""},"class_list":["post-1363","page","type-page","status-publish","hentry"],"acf":[],"yoast_head":"<!-- This site is optimized with the Yoast SEO plugin v25.8 - https:\/\/yoast.com\/wordpress\/plugins\/seo\/ -->\n<title>Our Major Supporters - Polat Vakf\u0131<\/title>\n<meta name=\"robots\" content=\"index, follow, max-snippet:-1, max-image-preview:large, max-video-preview:-1\" \/>\n<link rel=\"canonical\" href=\"https:\/\/www.polatvakfi.com.tr\/en\/our-major-supporters\/\" \/>\n<meta property=\"og:locale\" content=\"en_US\" \/>\n<meta property=\"og:type\" content=\"article\" \/>\n<meta property=\"og:title\" content=\"Our Major Supporters - Polat Vakf\u0131\" \/>\n<meta property=\"og:description\" content=\"Our Major Supporters Adnan POLAT Eda POLAT GK\u0130NOSAT\u0130S Kerim POLAT Polat Holding A.\u015e DESMOS Non Profit Foundation Poyraz Yenilebilir Enerji \u00dcretim A.\u015e ALX Magyar-T\u00f6r\u00f6k Kereskedelmi K\u00f6zpont Kft. T\u00fcrkiye R\u00fczgar Enerjisi Birli\u011fi Sanko Enerji Poltech Elektronik Sistemleri Tic. A.\u015e\" \/>\n<meta property=\"og:url\" content=\"https:\/\/www.polatvakfi.com.tr\/en\/our-major-supporters\/\" \/>\n<meta property=\"og:site_name\" content=\"Polat Vakf\u0131\" \/>\n<meta property=\"article:modified_time\" content=\"2025-01-22T20:19:08+00:00\" \/>\n<meta name=\"twitter:card\" content=\"summary_large_image\" \/>\n<meta name=\"twitter:label1\" content=\"Est. reading time\" \/>\n\t<meta name=\"twitter:data1\" content=\"1 minute\" \/>\n<script type=\"application\/ld+json\" class=\"yoast-schema-graph\">{\"@context\":\"https:\/\/schema.org\",\"@graph\":[{\"@type\":\"WebPage\",\"@id\":\"https:\/\/www.polatvakfi.com.tr\/en\/our-major-supporters\/\",\"url\":\"https:\/\/www.polatvakfi.com.tr\/en\/our-major-supporters\/\",\"name\":\"Our Major Supporters - Polat Vakf\u0131\",\"isPartOf\":{\"@id\":\"https:\/\/www.polatvakfi.com.tr\/en\/#website\"},\"datePublished\":\"2024-09-13T09:18:03+00:00\",\"dateModified\":\"2025-01-22T20:19:08+00:00\",\"breadcrumb\":{\"@id\":\"https:\/\/www.polatvakfi.com.tr\/en\/our-major-supporters\/#breadcrumb\"},\"inLanguage\":\"en-US\",\"potentialAction\":[{\"@type\":\"ReadAction\",\"target\":[\"https:\/\/www.polatvakfi.com.tr\/en\/our-major-supporters\/\"]}]},{\"@type\":\"BreadcrumbList\",\"@id\":\"https:\/\/www.polatvakfi.com.tr\/en\/our-major-supporters\/#breadcrumb\",\"itemListElement\":[{\"@type\":\"ListItem\",\"position\":1,\"name\":\"Anasayfa\",\"item\":\"https:\/\/www.polatvakfi.com.tr\/en\/\"},{\"@type\":\"ListItem\",\"position\":2,\"name\":\"Our Major Supporters\"}]},{\"@type\":\"WebSite\",\"@id\":\"https:\/\/www.polatvakfi.com.tr\/en\/#website\",\"url\":\"https:\/\/www.polatvakfi.com.tr\/en\/\",\"name\":\"Polat Vakf\u0131\",\"description\":\"\",\"publisher\":{\"@id\":\"https:\/\/www.polatvakfi.com.tr\/en\/#organization\"},\"potentialAction\":[{\"@type\":\"SearchAction\",\"target\":{\"@type\":\"EntryPoint\",\"urlTemplate\":\"https:\/\/www.polatvakfi.com.tr\/en\/?s={search_term_string}\"},\"query-input\":{\"@type\":\"PropertyValueSpecification\",\"valueRequired\":true,\"valueName\":\"search_term_string\"}}],\"inLanguage\":\"en-US\"},{\"@type\":\"Organization\",\"@id\":\"https:\/\/www.polatvakfi.com.tr\/en\/#organization\",\"name\":\"Polat Vakf\u0131\",\"url\":\"https:\/\/www.polatvakfi.com.tr\/en\/\",\"logo\":{\"@type\":\"ImageObject\",\"inLanguage\":\"en-US\",\"@id\":\"https:\/\/www.polatvakfi.com.tr\/en\/#\/schema\/logo\/image\/\",\"url\":\"https:\/\/www.polatvakfi.com.tr\/wp-content\/uploads\/2024\/09\/polat-vakfi-logo.svg\",\"contentUrl\":\"https:\/\/www.polatvakfi.com.tr\/wp-content\/uploads\/2024\/09\/polat-vakfi-logo.svg\",\"width\":1067,\"height\":432,\"caption\":\"Polat Vakf\u0131\"},\"image\":{\"@id\":\"https:\/\/www.polatvakfi.com.tr\/en\/#\/schema\/logo\/image\/\"}}]}<\/script>\n<!-- \/ Yoast SEO plugin. -->","yoast_head_json":{"title":"Our Major Supporters - Polat Vakf\u0131","robots":{"index":"index","follow":"follow","max-snippet":"max-snippet:-1","max-image-preview":"max-image-preview:large","max-video-preview":"max-video-preview:-1"},"canonical":"https:\/\/www.polatvakfi.com.tr\/en\/our-major-supporters\/","og_locale":"en_US","og_type":"article","og_title":"Our Major Supporters - Polat Vakf\u0131","og_description":"Our Major Supporters Adnan POLAT Eda POLAT GK\u0130NOSAT\u0130S Kerim POLAT Polat Holding A.\u015e DESMOS Non Profit Foundation Poyraz Yenilebilir Enerji \u00dcretim A.\u015e ALX Magyar-T\u00f6r\u00f6k Kereskedelmi K\u00f6zpont Kft. T\u00fcrkiye R\u00fczgar Enerjisi Birli\u011fi Sanko Enerji Poltech Elektronik Sistemleri Tic. A.\u015e","og_url":"https:\/\/www.polatvakfi.com.tr\/en\/our-major-supporters\/","og_site_name":"Polat Vakf\u0131","article_modified_time":"2025-01-22T20:19:08+00:00","twitter_card":"summary_large_image","twitter_misc":{"Est. reading time":"1 minute"},"schema":{"@context":"https:\/\/schema.org","@graph":[{"@type":"WebPage","@id":"https:\/\/www.polatvakfi.com.tr\/en\/our-major-supporters\/","url":"https:\/\/www.polatvakfi.com.tr\/en\/our-major-supporters\/","name":"Our Major Supporters - Polat Vakf\u0131","isPartOf":{"@id":"https:\/\/www.polatvakfi.com.tr\/en\/#website"},"datePublished":"2024-09-13T09:18:03+00:00","dateModified":"2025-01-22T20:19:08+00:00","breadcrumb":{"@id":"https:\/\/www.polatvakfi.com.tr\/en\/our-major-supporters\/#breadcrumb"},"inLanguage":"en-US","potentialAction":[{"@type":"ReadAction","target":["https:\/\/www.polatvakfi.com.tr\/en\/our-major-supporters\/"]}]},{"@type":"BreadcrumbList","@id":"https:\/\/www.polatvakfi.com.tr\/en\/our-major-supporters\/#breadcrumb","itemListElement":[{"@type":"ListItem","position":1,"name":"Anasayfa","item":"https:\/\/www.polatvakfi.com.tr\/en\/"},{"@type":"ListItem","position":2,"name":"Our Major Supporters"}]},{"@type":"WebSite","@id":"https:\/\/www.polatvakfi.com.tr\/en\/#website","url":"https:\/\/www.polatvakfi.com.tr\/en\/","name":"Polat Vakf\u0131","description":"","publisher":{"@id":"https:\/\/www.polatvakfi.com.tr\/en\/#organization"},"potentialAction":[{"@type":"SearchAction","target":{"@type":"EntryPoint","urlTemplate":"https:\/\/www.polatvakfi.com.tr\/en\/?s={search_term_string}"},"query-input":{"@type":"PropertyValueSpecification","valueRequired":true,"valueName":"search_term_string"}}],"inLanguage":"en-US"},{"@type":"Organization","@id":"https:\/\/www.polatvakfi.com.tr\/en\/#organization","name":"Polat Vakf\u0131","url":"https:\/\/www.polatvakfi.com.tr\/en\/","logo":{"@type":"ImageObject","inLanguage":"en-US","@id":"https:\/\/www.polatvakfi.com.tr\/en\/#\/schema\/logo\/image\/","url":"https:\/\/www.polatvakfi.com.tr\/wp-content\/uploads\/2024\/09\/polat-vakfi-logo.svg","contentUrl":"https:\/\/www.polatvakfi.com.tr\/wp-content\/uploads\/2024\/09\/polat-vakfi-logo.svg","width":1067,"height":432,"caption":"Polat Vakf\u0131"},"image":{"@id":"https:\/\/www.polatvakfi.com.tr\/en\/#\/schema\/logo\/image\/"}}]}},"_links":{"self":[{"href":"https:\/\/www.polatvakfi.com.tr\/en\/wp-json\/wp\/v2\/pages\/1363","targetHints":{"allow":["GET"]}}],"collection":[{"href":"https:\/\/www.polatvakfi.com.tr\/en\/wp-json\/wp\/v2\/pages"}],"about":[{"href":"https:\/\/www.polatvakfi.com.tr\/en\/wp-json\/wp\/v2\/types\/page"}],"author":[{"embeddable":true,"href":"https:\/\/www.polatvakfi.com.tr\/en\/wp-json\/wp\/v2\/users\/2"}],"replies":[{"embeddable":true,"href":"https:\/\/www.polatvakfi.com.tr\/en\/wp-json\/wp\/v2\/comments?post=1363"}],"version-history":[{"count":0,"href":"https:\/\/www.polatvakfi.com.tr\/en\/wp-json\/wp\/v2\/pages\/1363\/revisions"}],"wp:attachment":[{"href":"https:\/\/www.polatvakfi.com.tr\/en\/wp-json\/wp\/v2\/media?parent=1363"}],"curies":[{"name":"wp","href":"https:\/\/api.w.org\/{rel}","templated":true}]}}